{"id":199,"date":"2019-01-11T17:20:48","date_gmt":"2019-01-11T16:20:48","guid":{"rendered":"http:\/\/zrkvelenje.nastech.si\/one-page-express\/"},"modified":"2021-10-21T06:43:13","modified_gmt":"2021-10-21T05:43:13","slug":"one-page-express","status":"publish","type":"page","link":"https:\/\/zrkvelenje.si\/","title":{"rendered":"Front Page"},"content":{"rendered":"<section class=\"kc-elm kc-css-895897 kc_row\"><div class=\"kc-row-container  kc-container\"><div class=\"kc-wrap-columns\"><div class=\"kc-elm kc-css-238412 kc_col-sm-12 kc_column kc_col-sm-12\"><div class=\"kc-col-container\">            <div id=\"post-2551\" class=\"blog-postcol cp4cols\">\r\n            <div class=\"post-content\">\r\n                                    <a class=\"post-list-item-thumb\" href=\"https:\/\/zrkvelenje.si\/?p=2551\">\r\n                        <img width=\"1024\" height=\"683\" src=\"https:\/\/zrkvelenje.si\/wp-content\/uploads\/2021\/11\/image00013-1-1024x683.jpeg\" class=\"attachment-post-thumbnail size-post-thumbnail wp-post-image\" alt=\"\" loading=\"lazy\" srcset=\"https:\/\/zrkvelenje.si\/wp-content\/uploads\/2021\/11\/image00013-1-1024x683.jpeg 1024w, https:\/\/zrkvelenje.si\/wp-content\/uploads\/2021\/11\/image00013-1-300x200.jpeg 300w, https:\/\/zrkvelenje.si\/wp-content\/uploads\/2021\/11\/image00013-1-768x512.jpeg 768w, https:\/\/zrkvelenje.si\/wp-content\/uploads\/2021\/11\/image00013-1-1536x1024.jpeg 1536w, https:\/\/zrkvelenje.si\/wp-content\/uploads\/2021\/11\/image00013-1-2048x1365.jpeg 2048w, https:\/\/zrkvelenje.si\/wp-content\/uploads\/2021\/11\/image00013-1-1620x1080.jpeg 1620w\" sizes=\"(max-width: 1024px) 100vw, 1024px\" \/>                    <\/a>\r\n                                <div class=\"row_345\">\r\n                    <h3 class=\"blog-title\">\r\n                        <a href=\"https:\/\/zrkvelenje.si\/?p=2551\" rel=\"bookmark\">\r\n                            \u010clanice proti evropskemu Krimu                        <\/a>\r\n                    <\/h3>\r\n                    <p>Velenjske rokometa\u0161ice nadaljujejo z nastopi v dr\u017eavnem prvenstvu. Po petkovi tekmi proti \u017drk Z\u2019de\u017eele jih danes, 8. novembra \u010daka nova tekma. Velenj\u010danke se bodo ob 19.15 v dvorani Sto\u017eice pomerile[&hellip;]<\/p>\n                    <a class=\"button blue small\" href=\"https:\/\/zrkvelenje.si\/?p=2551\">\r\n                        <span data-theme=\"one_page_express_latest_news_read_more\">Read more<\/span>\r\n                    <\/a>\r\n                    <hr class=\"blog-separator\">\n<div class=\"post-header\">\n            <i class=\"font-icon-post fa fa-calendar\"><\/i>\n    <span class=\"span12\">November 8, 2021<\/span>\n\n    <i class=\"font-icon-post fa fa-comment-o\"><\/i>\n    <span>0<\/span>\n<\/div>                <\/div>\r\n            <\/div>\r\n        <\/div>\r\n                <div id=\"post-2522\" class=\"blog-postcol cp4cols\">\r\n            <div class=\"post-content\">\r\n                                    <a class=\"post-list-item-thumb\" href=\"https:\/\/zrkvelenje.si\/?p=2522\">\r\n                        <img width=\"1024\" height=\"683\" src=\"https:\/\/zrkvelenje.si\/wp-content\/uploads\/2021\/11\/image00009-1024x683.jpeg\" class=\"attachment-post-thumbnail size-post-thumbnail wp-post-image\" alt=\"\" loading=\"lazy\" srcset=\"https:\/\/zrkvelenje.si\/wp-content\/uploads\/2021\/11\/image00009-1024x683.jpeg 1024w, https:\/\/zrkvelenje.si\/wp-content\/uploads\/2021\/11\/image00009-300x200.jpeg 300w, https:\/\/zrkvelenje.si\/wp-content\/uploads\/2021\/11\/image00009-768x512.jpeg 768w, https:\/\/zrkvelenje.si\/wp-content\/uploads\/2021\/11\/image00009-1536x1024.jpeg 1536w, https:\/\/zrkvelenje.si\/wp-content\/uploads\/2021\/11\/image00009-2048x1365.jpeg 2048w, https:\/\/zrkvelenje.si\/wp-content\/uploads\/2021\/11\/image00009-1620x1080.jpeg 1620w\" sizes=\"(max-width: 1024px) 100vw, 1024px\" \/>                    <\/a>\r\n                                <div class=\"row_345\">\r\n                    <h3 class=\"blog-title\">\r\n                        <a href=\"https:\/\/zrkvelenje.si\/?p=2522\" rel=\"bookmark\">\r\n                            Velenj\u010danke z dvema zmagama in \u0161tirimi porazi na \u0161estem mestu                        <\/a>\r\n                    <\/h3>\r\n                    <p>Velenj\u010danke so v tej sezoni odigrale \u0161est tekem. Na \u0161tirih tekmah so morale premo\u010d priznati nasprotnicam, na dveh pa so se veselile zmage. Rokometa\u0161ice Velenja so sezono 2021\/22 za\u010dele z[&hellip;]<\/p>\n                    <a class=\"button blue small\" href=\"https:\/\/zrkvelenje.si\/?p=2522\">\r\n                        <span data-theme=\"one_page_express_latest_news_read_more\">Read more<\/span>\r\n                    <\/a>\r\n                    <hr class=\"blog-separator\">\n<div class=\"post-header\">\n            <i class=\"font-icon-post fa fa-calendar\"><\/i>\n    <span class=\"span12\">November 8, 2021<\/span>\n\n    <i class=\"font-icon-post fa fa-comment-o\"><\/i>\n    <span>0<\/span>\n<\/div>                <\/div>\r\n            <\/div>\r\n        <\/div>\r\n                <div id=\"post-2491\" class=\"blog-postcol cp4cols\">\r\n            <div class=\"post-content\">\r\n                                    <a class=\"post-list-item-thumb\" href=\"https:\/\/zrkvelenje.si\/?p=2491\">\r\n                        <img width=\"1024\" height=\"683\" src=\"https:\/\/zrkvelenje.si\/wp-content\/uploads\/2021\/10\/DSC2656-1024x683.jpg\" class=\"attachment-post-thumbnail size-post-thumbnail wp-post-image\" alt=\"\" loading=\"lazy\" srcset=\"https:\/\/zrkvelenje.si\/wp-content\/uploads\/2021\/10\/DSC2656-1024x683.jpg 1024w, https:\/\/zrkvelenje.si\/wp-content\/uploads\/2021\/10\/DSC2656-300x200.jpg 300w, https:\/\/zrkvelenje.si\/wp-content\/uploads\/2021\/10\/DSC2656-768x512.jpg 768w, https:\/\/zrkvelenje.si\/wp-content\/uploads\/2021\/10\/DSC2656-1536x1024.jpg 1536w, https:\/\/zrkvelenje.si\/wp-content\/uploads\/2021\/10\/DSC2656-2048x1365.jpg 2048w, https:\/\/zrkvelenje.si\/wp-content\/uploads\/2021\/10\/DSC2656-1620x1080.jpg 1620w\" sizes=\"(max-width: 1024px) 100vw, 1024px\" \/>                    <\/a>\r\n                                <div class=\"row_345\">\r\n                    <h3 class=\"blog-title\">\r\n                        <a href=\"https:\/\/zrkvelenje.si\/?p=2491\" rel=\"bookmark\">\r\n                            \u010clanice zakorakale v novo sezono                        <\/a>\r\n                    <\/h3>\r\n                    <p>\u010clanice Velenja so odigrale 3 tekme nove sezone 1. dr\u017eavne rokometne lige za \u017eenske. Na vseh tekmah so \u010dlanice prikazale dobro igro, ampak \u017eal morale na vseh priznati premo\u010d nasprotnicam.[&hellip;]<\/p>\n                    <a class=\"button blue small\" href=\"https:\/\/zrkvelenje.si\/?p=2491\">\r\n                        <span data-theme=\"one_page_express_latest_news_read_more\">Read more<\/span>\r\n                    <\/a>\r\n                    <hr class=\"blog-separator\">\n<div class=\"post-header\">\n            <i class=\"font-icon-post fa fa-calendar\"><\/i>\n    <span class=\"span12\">October 21, 2021<\/span>\n\n    <i class=\"font-icon-post fa fa-comment-o\"><\/i>\n    <span>0<\/span>\n<\/div>                <\/div>\r\n            <\/div>\r\n        <\/div>\r\n        https:\/\/zrkvelenje.si\/?page_id=200<div class=\"kc-elm kc-css-387246 kc_text_block\"><h5><\/h5>\n<h2>Novice<\/h2>\n<p><a target=\"_self\" rel=\"noopener noreferrer\" data-attr-shortcode=\"href:one_page_express_blog_link\" data-vivaldi-spatnav-clickable=\"1\">Vse novice<\/a><\/p>\n<h2><\/h2>\n<p><img src=\"http:\/\/zrkvelenje.nastech.si\/wp-content\/uploads\/2017\/12\/skupinska50let.jpg\" \/><\/p>\n<h4>50 letnica \u017dRK Velenje<\/h4>\n<p>Septembra 2017 je klub praznoval 50 let delovanja.<\/p>\n<hr \/>\n<p><a href=\"https:\/\/zrkvelenje.si?page_id=200\" target=\"_self\" rel=\"noopener noreferrer\" data-vivaldi-spatnav-clickable=\"1\"> Preberi ve\u010d<\/a><\/p>\n<h4>Pro\u0161nja za donatorstvo<\/h4>\n<p>Spo\u0161tovani ljubitelji rokometa.<\/p>\n<p>\u017dRK Velenje \u017ee nekaj let deluje brez osrednjega sponzorja, kljub temu pa uspe\u0161no nastopamo tako na najvi\u0161jem nivoju tekomovanja v 1.A \u017eenski rokometni ligi, kot tudi v mlaj\u0161ih selekcijah, ki dosegajo zavidljive rezultate. Klub ima tudi ve\u010d kot 50 letno tradicijo.<\/p>\n<p>\u010ce ste pripravljeni donirati nekaj sredstev v namen \u0161e uspe\u0161nej\u0161ega delovanja kluba vas napro\u0161amo, da si preberete pro\u0161njo in nas kontaktirate.<\/p>\n<p>Hvala.<\/p>\n<p><img loading=\"lazy\" src=\"http:\/\/zrkvelenje.si\/wp-content\/uploads\/2020\/09\/prosnja.png\" width=\"623\" height=\"881\" alt=\"\" class=\"alignnone size-medium\" \/><\/p>\n<p><a href=\"https:\/\/zrkvelenje.si\/wp-content\/uploads\/2020\/02\/Pro%C5%A1nja-za-donacijo-ali-sponzorstvo.pdf\" target=\"_self\" rel=\"noopener noreferrer\">pro\u0161nja v pdf<\/a><\/p>\n<p><a href=\"https:\/\/www.hse.si\" target=\"_blank\" rel=\"noopener noreferrer\"><img src=\"http:\/\/zrkvelenje.si\/wp-content\/uploads\/2019\/07\/Logotip-HSE.jpg\" \/><\/a><a href=\"https:\/\/www.vzajemna.si\" target=\"_blank\" rel=\"noopener noreferrer\"><img src=\"http:\/\/zrkvelenje.si\/wp-content\/uploads\/2020\/01\/VZAJEMNA_LOGOsek_cmyk.jpg\" \/><\/a><br \/>\n<a href=\"https:\/\/www.facebook.com\/%C5%BDRK-Velenje\" role=\"button\"><br \/>\nFacebook<br \/>\n<\/a><br \/>\n<a href=\"https:\/\/www.instagram.com\/zrk_velenje\/\" role=\"button\"><br \/>\nInstagram<br \/>\n<\/a><br \/>\n<a href=\"https:\/\/www.linkedin.com\/company\/women-s-handball-club-velenje\" role=\"button\"><br \/>\nLinkedIn<br \/>\n<\/a><\/p>\n<\/div><\/div><\/div><\/div><\/div><\/section>","protected":false},"excerpt":{"rendered":"","protected":false},"author":1,"featured_media":0,"parent":0,"menu_order":0,"comment_status":"closed","ping_status":"closed","template":"","meta":[],"_links":{"self":[{"href":"https:\/\/zrkvelenje.si\/index.php?rest_route=\/wp\/v2\/pages\/199"}],"collection":[{"href":"https:\/\/zrkvelenje.si\/index.php?rest_route=\/wp\/v2\/pages"}],"about":[{"href":"https:\/\/zrkvelenje.si\/index.php?rest_route=\/wp\/v2\/types\/page"}],"author":[{"embeddable":true,"href":"https:\/\/zrkvelenje.si\/index.php?rest_route=\/wp\/v2\/users\/1"}],"replies":[{"embeddable":true,"href":"https:\/\/zrkvelenje.si\/index.php?rest_route=%2Fwp%2Fv2%2Fcomments&post=199"}],"version-history":[{"count":259,"href":"https:\/\/zrkvelenje.si\/index.php?rest_route=\/wp\/v2\/pages\/199\/revisions"}],"predecessor-version":[{"id":2415,"href":"https:\/\/zrkvelenje.si\/index.php?rest_route=\/wp\/v2\/pages\/199\/revisions\/2415"}],"wp:attachment":[{"href":"https:\/\/zrkvelenje.si\/index.php?rest_route=%2Fwp%2Fv2%2Fmedia&parent=199"}],"curies":[{"name":"wp","href":"https:\/\/api.w.org\/{rel}","templated":true}]}}