{"id":52,"date":"2017-12-21T13:15:04","date_gmt":"2017-12-21T12:15:04","guid":{"rendered":"http:\/\/zrkvelenje.nastech.si\/?page_id=52"},"modified":"2019-01-19T13:57:22","modified_gmt":"2019-01-19T12:57:22","slug":"zgodovina-in-uspehi","status":"publish","type":"page","link":"https:\/\/zrkvelenje.si\/?page_id=52","title":{"rendered":"zgodovina"},"content":{"rendered":"<p>Zametki \u017eenskega rokometnega kluba v Velenju segajo v leto 1966, ko je na osnovni \u0161oli Gustava \u0160iliha \u0161portna pedagoginja Metka Pocajt izbrala nekaj u\u010denk in jih skupaj z Vladom Pocajtom za\u010dela uvajati v rokometno igro. Leta 1968 so dekleta postala republi\u0161ke prvakinje za srednje \u0161ole, ve\u010dina teh deklet je obiskovala gimnazijo v Velenju. V prvi polovici leta 1969 je iz gimnazijske \u017eenske rokometne ekipe nastal \u017denski rokometni klub &#8220;Gorenje&#8221; Velenje. Mlade igralke so pod vodstvom trenerja Braneta Mravljaka pridno trenirale, svoj tekmovalni ognjeni krst pa so prestale v Zasavju, z nastopom na II. majskem turnirju v Hrastniku.<\/p>\n<p align=\"justify\">Svoje prvo sre\u010danje v 1. slovenski rokometni ligi so igralke odigrale 7. septembra 1969 v Selcah na Gorenjskem, ko so se pomerile z doma\u010do ekipo in izgubile z rezultatom 26:6. Igrale so v postavi: Slom\u0161ek, \u0160tajner, Hojan, Sev\u0161ek, Vivod, Tkavc, Jeseni\u010dnik, Zavolov\u0161ek, Mravljak in Lesko\u0161ek. Svojo prvo zmago v tekmovanju z najbolj\u0161imi slovenskimi klubi so igralke Gorenja dosegle 29. septembra 1969, ko so bile na gostovanju v Litiji bolj\u0161e od igralk Usnjarja z rezultatom 10:7. \u017dal pa so v tej sezoni izpadle iz dru\u017ebe najbolj\u0161ih.<\/p>\n<div id=\"attachment_106\" style=\"width: 348px\" class=\"wp-caption alignright\"><a href=\"http:\/\/zrkvelenje.nastech.si\/wp-content\/uploads\/2017\/12\/slika2.jpg\"><img aria-describedby=\"caption-attachment-106\" loading=\"lazy\" class=\"wp-image-106\" src=\"http:\/\/zrkvelenje.nastech.si\/wp-content\/uploads\/2017\/12\/slika2-300x245.jpg\" alt=\"\" width=\"338\" height=\"276\" srcset=\"https:\/\/zrkvelenje.si\/wp-content\/uploads\/2017\/12\/slika2-300x245.jpg 300w, https:\/\/zrkvelenje.si\/wp-content\/uploads\/2017\/12\/slika2-1x1.jpg 1w, https:\/\/zrkvelenje.si\/wp-content\/uploads\/2017\/12\/slika2.jpg 698w\" sizes=\"(max-width: 338px) 100vw, 338px\" \/><\/a><p id=\"caption-attachment-106\" class=\"wp-caption-text\">Ekipa Gorenja v tekmovalni sezoni 1971\/72<\/p><\/div>\n<p align=\"justify\">V sezoni 1970\/71 so igralke Gorenja igrale v \u0161tajerski coni, kjer so premo\u010dno zmagovale in se ponovno uvrstile v 1. slovensko \u017eensko rokometno ligo. Sezona 1971\/72 je z izku\u0161njami prinesla tudi bolj\u0161e rezultate. Med igralkami, ki so nosile igro ekipe in dosegale najve\u010d zadetkov so bile: Nada Zavolov\u0161ek, Breda Lesko\u0161ek, Zdenka Vivod, Marjana Hojan, Tatjana Tkavc, Irena Verdev, Breda Podpe\u010dan, Stegen\u0161kova ter vratarka Ton\u010dka Pevnik. V sezoni 1973\/74 so dekleta pod vodstvom trenerja Mitje Bubika dosegla dotlej najbolj\u0161o uvrstitev, saj so na koncu prvenstva osvojile odli\u010dno 2. mesto, eno to\u010dko za ekipo Borec iz Ljubljane, ki so jo v medsebojnem dvoboju celo premagale. Najbolj\u0161a&nbsp;igralka v sezonah 1972\/73 in 1973\/74 je bila prav velenjska igralka Nada Zavolov\u0161ek. Ekipa Borca pa se je nastopanju v II. zvezni rokometni ligi odpovedala,&nbsp;tako so rokometa\u0161ice Gorenja \u017ee po petih letih igranja dobile mo\u017enost nastopanja v mo\u010dni II. jugoslovanski \u017eenski rokometni ligi, kjer pa so se obdr\u017eale le eno sezono. Odlo\u010ditev za igranje v zvezni ligi je bila o\u010ditno prenagljena, saj je bila ve\u010dina igralk premladih in brez potrebnih izku\u0161enj za igranje v tako kakovostni ligi.<\/p>\n<p align=\"justify\">Konec septembra 1974 se je zaklju\u010dil<a style=\"font-family: 'Open Sans', sans-serif; font-size: 13.125px; font-style: normal; font-weight: 400; color: #999999; text-align: justify;\" href=\"http:\/\/zrkvelenje.nastech.si\/wp-content\/uploads\/2017\/12\/slika-1.jpg\"><img loading=\"lazy\" class=\"alignleft wp-image-105 \" src=\"http:\/\/zrkvelenje.nastech.si\/wp-content\/uploads\/2017\/12\/slika-1-300x295.jpg\" alt=\"\" width=\"357\" height=\"351\" srcset=\"https:\/\/zrkvelenje.si\/wp-content\/uploads\/2017\/12\/slika-1-300x295.jpg 300w, https:\/\/zrkvelenje.si\/wp-content\/uploads\/2017\/12\/slika-1-1x1.jpg 1w, https:\/\/zrkvelenje.si\/wp-content\/uploads\/2017\/12\/slika-1.jpg 386w\" sizes=\"(max-width: 357px) 100vw, 357px\" \/><\/a>o sodelovanje med generalnim sponzorjem Gorenjem in \u017denskim rokometnim klubom<\/p>\n<p>&nbsp;<\/p>\n<p align=\"justify\">&nbsp;Gorenje, zato se je klub preimenoval v \u017denski rokometni klub Velenje. Vse tekme so velenj\u010danke \u0161e vedno igrale na nepokritem igri\u0161\u010du ob jezeru. V za\u010detku avgusta 1974 so za\u010deli v Velenju graditi Rde\u010do dvorano, ki so jo odprli ob tedanjem velenjskem ob\u010dinskem prazniku leta 1975. Danes osrednja velenjska \u0161portna dvorana, v kateri so svoj prostor na\u0161le \u0161tevilne \u0161portne panoge in kolektivi. Po odprtju Rde\u010de dvorane so lahko rokometa\u0161ice nekaj tekem \u017ee odigrale v dvorani, \u010deprav so vse do sezone 1979\/80 oz. do ponovne uvrstitve v II. jugoslovansko ligo ve\u010dino tekem \u0161e vedno igrale v \u0161portnem parku ob jezeru.<\/p>\n<p align=\"justify\">V sezoni 1975\/76 so igralke Velenja spet igrale v I. slovenski ligi, tokrat z mladimi in neizku\u0161enimi igralkami in novo trenerko Nado Zavolov\u0161ek.. Na koncu prvenstva so osvojile 7. mesto. Igra Velenj\u010dank je slonela le na dveh igralkah: Podpe\u010danovi in Pocajtovi. Tudi v sezoni 1976\/77 so rokometa\u0161ice Velenja osvojile 7. mesto, na pomo\u010d jim je prisko\u010dila tudi trenerka Nada Zavolov\u0161ek, ki ji je pri delu pomagal njen mo\u017e Slavko Hudarin. V tem prvenstvu so za Velenje nastopale naslednje igralke: Hleb, Podpe\u010dan, M. Pocajt, Podbregar, Jan, T. Pocajt, \u0160poljar, Bovha, Djodjevi\u0107, Eka Tkavc, Peterlin, Krofl in Nada Zavolov\u0161ek Hudarin.<\/p>\n<p align=\"justify\">ezona 1977\/78 se je pri\u010dela z novim tekmovalnim sistemom, v deljenih ligah: vzhod &#8211; zahod.&nbsp;Najbolj\u0161i dve ekipi&nbsp;iz vsake skupine so se na koncu pomerile med seboj za naslov republi\u0161kega prvaka. \u0160ale\u0161ko selekcijo sta zastopali ekipi Velenja in \u0160martnega. Na koncu prvenstva so Velenj\u010danke osvojile 3. mesto. V naslednji sezoni 1978\/79 so velenjske rokometa\u0161ice v skupni vzhod osvojile 1. mesto in se v boju za naslov republi\u0161kih prvakinj in za uvrstitev v II. zvezno ligo v super finalu pomerile s prvouvr\u0161\u010deno ekipo zahodne skupine &#8211; Preddvorom, kjer&nbsp;so na obeh sre\u010danjih&nbsp;tudi zmagale in se ob 10-letnici kluba ponovno uvrstile v II. jugoslovansko \u017eensko rokometno ligo. Za Velenje so nastopale: Milica Kmeti\u010d, Cvetka Kmeti\u010d, Brigita Terbulj, Jo\u017eica Kotnik, Irena Zemljak, Nata\u0161a Podbregar, Darinka Kropiv\u0161ek, Tatjana Jan, Milena Djordjevi\u0107, Albina Bovha, Ivica \u0160poljar, Lu\u010dka Hleb, Planin\u010deva, Kroflova in Medvedova.<\/p>\n<p align=\"justify\">V sezoni 1979\/80, ko so tekmovale v II. zvezni rokometni ligi &#8211; sever, so se Velenj\u010danke okrepile s petimi igralkami. V Velenje sta pri\u0161li sestri Dobrila in Slavica Goli\u010d iz Banja Luke ter Munira Omerovi\u0107 iz Zenice, \u010dlanici Velenja pa sta postali tudi Plaskanova in Verbi\u010deva iz \u0160martnega ob Paki. Na koncu so osvojile 5. mesto, kar je bilo za mlado in neizku\u0161eno ekipo nedvomno velik uspeh. Zaradi organizacijskih te\u017eav in te\u017eav s po\u0161kodbami so Velenj\u010danke v sezoni 1980\/81 osvojile le 7. mesto in se tako niso uspele v 1. B jugoslovansko rokometno ligo. Z istimi igralkami pa se jim je \u017ee naslednjo sezono uspelo uvrstiti v 1. B zvezno ligo. Prvo sezono v tej nekdanji elitni ligi so kon\u010dale na visokem 4. mestu. Drugo sezono so igrale v naslednji postavi: \u0160poljar, S. Ba\u0161i\u010d, Goli\u010d, Podrzavnik, Matitz, Omerovi\u0107, Kotnik, Djordjevi\u0107, Bovha, \u010cefarin, Pozni\u010d, Hrast in T. Ba\u0161i\u010d. Po polovici sezone 1984\/85 se je poslovil trener Antun Ba\u0161i\u010d, skupaj z njim pa sta klub zapustili tudi njegovi h\u010derki Sanda in Tanja Ba\u0161i\u010d, z igranjem sta prenehali tudi Kotnikova in Omerovi\u0107eva. Trener prve ekipe je ponovno postal Adi Hudarin. To sezono so Velenj\u010danke kljub finan\u010dnim te\u017eavam in odhodi nekaterih igralk osvojile 7. mesto.<\/p>\n<p align=\"justify\">V sezoni 1984\/85 je v igralskem kadru pri\u0161lo do precej\u0161njih sprememb, saj je klub zapustilo kar 9 igralk prve postave: S. Ba\u0161i\u010d, T. Ba\u0161i\u010d, \u010cefarin, Djordjevi\u0107, \u0160poljar, Kotnikova in Omerovi\u0107eva sta za\u010dasno nehali igrati, prav tako pa sta \u0161portno kariero zaklju\u010dili Slava Pozni\u010d in Lu\u010dka Hleb, ki pa se je kmalu vrnila na igri\u0161\u010de in s svojimi izku\u0161njami in odli\u010dnimi obrambami pomagala svojim mlaj\u0161im kolegicam. H klubu st pristopili sestri Nada in Bo\u017eena Juri\u010d iz Gradi\u0161ke, vrzeli v igralskem kadru pa je zapolnilo tudi 7 mladink: Kri\u010dejeva, Misaljevi\u0107eva, Zidarjeva, Hrastova, Felletova, Budjinskijeva in \u010cosi\u010deva, ki so se pridru\u017eile starej\u0161im igralkam: Goli\u010devi, Podrzavnikovi, Matitzovi, Petkovi, Rednakovi in Bovhovi. Mladinsko ekipo sta vodila Adi Hudarin in Branko Dobnik. Od leta 1984 do leta 1989 pa je najmlaj\u0161e rokometa\u0161ice vodil Davorin Vidali. Zaradi reorganizacije tekmovalnega sistema je ekipa Velenja nastopala v II. zvezni rokometni ligi &#8211; sever, kljub zelo mladi in neizku\u0161eni ekipi pa se jim je uspelo obdr\u017eati v tej ligi. Sezona 1985\/86 je bila izredno uspe\u0161na za mladinke, ki so postale republi\u0161ke prvakinje, na dr\u017eavnem mladinskem prvenstvu v Mostarju pa so zasedle 4. mesto. \u010clanska ekipa se je borila za obstanek v II. jugoslovanski ligi in na koncu jim je to tudi uspelo, saj so med 12. ekipami osvojile 8<a href=\"http:\/\/zrkvelenje.nastech.si\/wp-content\/uploads\/2017\/12\/slika-3.jpg\"><img loading=\"lazy\" class=\" wp-image-108 alignright\" src=\"http:\/\/zrkvelenje.nastech.si\/wp-content\/uploads\/2017\/12\/slika-3-300x245.jpg\" alt=\"\" width=\"396\" height=\"323\" srcset=\"https:\/\/zrkvelenje.si\/wp-content\/uploads\/2017\/12\/slika-3-300x245.jpg 300w, https:\/\/zrkvelenje.si\/wp-content\/uploads\/2017\/12\/slika-3-1x1.jpg 1w, https:\/\/zrkvelenje.si\/wp-content\/uploads\/2017\/12\/slika-3.jpg 697w\" sizes=\"(max-width: 396px) 100vw, 396px\" \/><\/a>. mesto. V sezoni 1986\/87 je velenjske rokometa\u0161ice treniral Miro Po\u017eun. Z igranjem sta prenehali Albina Bovha in Dobrila Goli\u010d, iz ljubljanske Olimpije pa je pri\u0161la vratarka Zvezdana Hauptman. Ekipa je bila v glavnem sestavljena iz mladih doma\u010dih igralk, povpre\u010dna starost je bila manj kot 17 let, le igralki Jo\u017eica Kotnik in Slava Goli\u010d sta bili starej\u0161i od 20 let. V tej sezoni so v razli\u010dnih ligah nastopale kar \u0161tiri velenjske ekipe: prva ekipa v severni skupini II. zvezne lige, druga ekipa v 2. slovenski ligi, dve mladinski ekipi pa sta igrali v I. slovenski mladinski ligi. Pred za\u010detko sezone so v klubu uspeli pridobiti tudi novega (starega) generalnega sponzorja &#8211; Gorenje. Prva ekipa je sezono kon\u010dala na 9. mestu. Sezona 1987\/88 je bila zaradi finan\u010dnih te\u017eav izredno te\u017eka vendar se jim je le uspelo obdr\u017eati v ligi in ponovno so osvojile 9. mesto. \u0160e ve\u010d finan\u010dnih te\u017eav je nastopilo v sezoni 1988\/89, ko so v klubu resno razmi\u0161ljali o izstopu iz tekmovanja v II. zvezni rokometni ligi &#8211; sever. Te\u017eko, a vendarle so se uspeli re\u0161iti iz rde\u010dih \u0161tevilk, tako da je \u010dlanska ekipa na koncu prvenstva pristala v zlati sredini. Ekipa Velenja je nato v sezoni 1989\/90 igrala v naslednji postavi: Laki\u010d, Kari\u010d, Goli\u010d, Topi\u010d, Zidar, Oder, Hudej, Vi\u010dar, Jan, Kati\u010d, Iki\u010d, Hrast in Misaljevi\u0107; treniranje ekipe je prevzel Branko Dobnik, sezono pa so kon\u010dali na 6. mestu. Po reorganizaciji drugih jugoslovanskih zveznih lig so velenjske rokometa\u0161ice igrale v zahodni skupini II. zvezne rokometne lige ter svojo zadnjo sezono v tej ligi odigrale zelo uspe\u0161no in osvojile 3. mesto v postavi: Laki\u010d, Misaljevi\u0107, Hudarin, Topi\u010d, Zidar, Kati\u010d, Oder, Felle, Jan, Deli\u010d, Hudej, Petek, Memi\u010d in Hrast.<\/p>\n","protected":false},"excerpt":{"rendered":"<p>Zametki \u017eenskega rokometnega kluba v Velenju segajo v leto 1966, ko je na osnovni \u0161oli Gustava \u0160iliha \u0161portna pedagoginja Metka Pocajt izbrala nekaj u\u010denk in jih skupaj z Vladom Pocajtom za\u010dela uvajati v rokometno igro. Leta 1968 so dekleta postala republi\u0161ke prvakinje za srednje \u0161ole, ve\u010dina teh deklet je obiskovala gimnazijo v Velenju. V prvi&hellip; <br \/> <a class=\"button small blue\" href=\"https:\/\/zrkvelenje.si\/?page_id=52\">Read more<\/a><\/p>\n","protected":false},"author":1,"featured_media":0,"parent":0,"menu_order":0,"comment_status":"closed","ping_status":"closed","template":"","meta":[],"_links":{"self":[{"href":"https:\/\/zrkvelenje.si\/index.php?rest_route=\/wp\/v2\/pages\/52"}],"collection":[{"href":"https:\/\/zrkvelenje.si\/index.php?rest_route=\/wp\/v2\/pages"}],"about":[{"href":"https:\/\/zrkvelenje.si\/index.php?rest_route=\/wp\/v2\/types\/page"}],"author":[{"embeddable":true,"href":"https:\/\/zrkvelenje.si\/index.php?rest_route=\/wp\/v2\/users\/1"}],"replies":[{"embeddable":true,"href":"https:\/\/zrkvelenje.si\/index.php?rest_route=%2Fwp%2Fv2%2Fcomments&post=52"}],"version-history":[{"count":6,"href":"https:\/\/zrkvelenje.si\/index.php?rest_route=\/wp\/v2\/pages\/52\/revisions"}],"predecessor-version":[{"id":515,"href":"https:\/\/zrkvelenje.si\/index.php?rest_route=\/wp\/v2\/pages\/52\/revisions\/515"}],"wp:attachment":[{"href":"https:\/\/zrkvelenje.si\/index.php?rest_route=%2Fwp%2Fv2%2Fmedia&parent=52"}],"curies":[{"name":"wp","href":"https:\/\/api.w.org\/{rel}","templated":true}]}}